{"id":485,"date":"2024-06-28T16:34:55","date_gmt":"2024-06-28T19:34:55","guid":{"rendered":"https:\/\/acervodigital.grupoiza.com.br\/?post_type=product&#038;p=485"},"modified":"2024-06-28T17:03:47","modified_gmt":"2024-06-28T20:03:47","slug":"5-etapas-para-desenvolver-uma-mentalidade-de-abundancia","status":"publish","type":"product","link":"https:\/\/acervodigital.grupoiza.com.br\/?product=5-etapas-para-desenvolver-uma-mentalidade-de-abundancia","title":{"rendered":"5 Etapas Para Desenvolver Uma Mentalidade de Abund\u00e2ncia"},"content":{"rendered":"<p>Arquivo em formato PDF para download.<\/p>\n","protected":false},"excerpt":{"rendered":"<p>Vivemos em um mundo onde pode ser dif\u00edcil manifestar o que queremos. \u00c9 f\u00e1cil acreditar que n\u00e3o h\u00e1 recursos suficientes para que todos possam desfrutar. Alguns far\u00e3o com que voc\u00ea acredite que somente com educa\u00e7\u00e3o avan\u00e7ada ou um diploma universit\u00e1rio voc\u00ea poder\u00e1 acessar uma melhor qualidade de vida, mas essa n\u00e3o \u00e9 a chave da abund\u00e2ncia.<\/p>\n","protected":false},"featured_media":488,"template":"","meta":[],"product_cat":[26],"product_tag":[],"_links":{"self":[{"href":"https:\/\/acervodigital.grupoiza.com.br\/index.php?rest_route=\/wp\/v2\/product\/485"}],"collection":[{"href":"https:\/\/acervodigital.grupoiza.com.br\/index.php?rest_route=\/wp\/v2\/product"}],"about":[{"href":"https:\/\/acervodigital.grupoiza.com.br\/index.php?rest_route=\/wp\/v2\/types\/product"}],"version-history":[{"count":1,"href":"https:\/\/acervodigital.grupoiza.com.br\/index.php?rest_route=\/wp\/v2\/product\/485\/revisions"}],"predecessor-version":[{"id":487,"href":"https:\/\/acervodigital.grupoiza.com.br\/index.php?rest_route=\/wp\/v2\/product\/485\/revisions\/487"}],"wp:featuredmedia":[{"embeddable":true,"href":"https:\/\/acervodigital.grupoiza.com.br\/index.php?rest_route=\/wp\/v2\/media\/488"}],"wp:attachment":[{"href":"https:\/\/acervodigital.grupoiza.com.br\/index.php?rest_route=%2Fwp%2Fv2%2Fmedia&parent=485"}],"wp:term":[{"taxonomy":"product_cat","embeddable":true,"href":"https:\/\/acervodigital.grupoiza.com.br\/index.php?rest_route=%2Fwp%2Fv2%2Fproduct_cat&post=485"},{"taxonomy":"product_tag","embeddable":true,"href":"https:\/\/acervodigital.grupoiza.com.br\/index.php?rest_route=%2Fwp%2Fv2%2Fproduct_tag&post=485"}],"curies":[{"name":"wp","href":"https:\/\/api.w.org\/{rel}","templated":true}]}}