{"id":492,"date":"2024-06-28T17:01:17","date_gmt":"2024-06-28T20:01:17","guid":{"rendered":"https:\/\/acervodigital.grupoiza.com.br\/?post_type=product&#038;p=492"},"modified":"2024-06-28T17:02:50","modified_gmt":"2024-06-28T20:02:50","slug":"10-motivacoes-hacks-de-pessoas-de-sucesso","status":"publish","type":"product","link":"https:\/\/acervodigital.grupoiza.com.br\/?product=10-motivacoes-hacks-de-pessoas-de-sucesso","title":{"rendered":"10 Motiva\u00e7\u00f5es Hacks De Pessoas de Sucesso"},"content":{"rendered":"<p>Arquivo em formato PDF para download<\/p>\n","protected":false},"excerpt":{"rendered":"<p>Sempre quis ser altamente bem sucedido?<br \/>\nN\u00e3o existe uma f\u00f3rmula secreta. H\u00e1 apenas trabalho duro e motiva\u00e7\u00e3o. Se voc\u00ea continuar tentando seu objetivo. Se voc\u00ea colocar no trabalho todos os dias. Se voc\u00ea \u00e9 obstinado em sua determina\u00e7\u00e3o e N\u00c3O DESISTIR, eventualmente ser\u00e1 bem-sucedido.<\/p>\n","protected":false},"featured_media":494,"template":"","meta":[],"product_cat":[26],"product_tag":[],"_links":{"self":[{"href":"https:\/\/acervodigital.grupoiza.com.br\/index.php?rest_route=\/wp\/v2\/product\/492"}],"collection":[{"href":"https:\/\/acervodigital.grupoiza.com.br\/index.php?rest_route=\/wp\/v2\/product"}],"about":[{"href":"https:\/\/acervodigital.grupoiza.com.br\/index.php?rest_route=\/wp\/v2\/types\/product"}],"version-history":[{"count":1,"href":"https:\/\/acervodigital.grupoiza.com.br\/index.php?rest_route=\/wp\/v2\/product\/492\/revisions"}],"predecessor-version":[{"id":495,"href":"https:\/\/acervodigital.grupoiza.com.br\/index.php?rest_route=\/wp\/v2\/product\/492\/revisions\/495"}],"wp:featuredmedia":[{"embeddable":true,"href":"https:\/\/acervodigital.grupoiza.com.br\/index.php?rest_route=\/wp\/v2\/media\/494"}],"wp:attachment":[{"href":"https:\/\/acervodigital.grupoiza.com.br\/index.php?rest_route=%2Fwp%2Fv2%2Fmedia&parent=492"}],"wp:term":[{"taxonomy":"product_cat","embeddable":true,"href":"https:\/\/acervodigital.grupoiza.com.br\/index.php?rest_route=%2Fwp%2Fv2%2Fproduct_cat&post=492"},{"taxonomy":"product_tag","embeddable":true,"href":"https:\/\/acervodigital.grupoiza.com.br\/index.php?rest_route=%2Fwp%2Fv2%2Fproduct_tag&post=492"}],"curies":[{"name":"wp","href":"https:\/\/api.w.org\/{rel}","templated":true}]}}