{"id":496,"date":"2024-06-28T17:13:06","date_gmt":"2024-06-28T20:13:06","guid":{"rendered":"https:\/\/acervodigital.grupoiza.com.br\/?post_type=product&#038;p=496"},"modified":"2024-06-28T17:26:05","modified_gmt":"2024-06-28T20:26:05","slug":"21-ideias-de-produtividade-para-obter-mais-resultados","status":"publish","type":"product","link":"https:\/\/acervodigital.grupoiza.com.br\/?product=21-ideias-de-produtividade-para-obter-mais-resultados","title":{"rendered":"21 Id\u00e9ias de Produtividade Para Obter Mais Resultados"},"content":{"rendered":"<p>Arquivo em formato PDF para download<\/p>\n","protected":false},"excerpt":{"rendered":"<p>Se voc\u00ea estiver trabalhando em casa, sua capacidade de realizar muitas tarefas e manter a tarefa ter\u00e1 um enorme impacto direto em seu estilo de vida e felicidade. Termine cedo e voc\u00ea tem a op\u00e7\u00e3o de simplesmente descer as escadas, fazer uma x\u00edcara de caf\u00e9 e come\u00e7ar a relaxar!<\/p>\n","protected":false},"featured_media":497,"template":"","meta":[],"product_cat":[26],"product_tag":[],"_links":{"self":[{"href":"https:\/\/acervodigital.grupoiza.com.br\/index.php?rest_route=\/wp\/v2\/product\/496"}],"collection":[{"href":"https:\/\/acervodigital.grupoiza.com.br\/index.php?rest_route=\/wp\/v2\/product"}],"about":[{"href":"https:\/\/acervodigital.grupoiza.com.br\/index.php?rest_route=\/wp\/v2\/types\/product"}],"version-history":[{"count":1,"href":"https:\/\/acervodigital.grupoiza.com.br\/index.php?rest_route=\/wp\/v2\/product\/496\/revisions"}],"predecessor-version":[{"id":499,"href":"https:\/\/acervodigital.grupoiza.com.br\/index.php?rest_route=\/wp\/v2\/product\/496\/revisions\/499"}],"wp:featuredmedia":[{"embeddable":true,"href":"https:\/\/acervodigital.grupoiza.com.br\/index.php?rest_route=\/wp\/v2\/media\/497"}],"wp:attachment":[{"href":"https:\/\/acervodigital.grupoiza.com.br\/index.php?rest_route=%2Fwp%2Fv2%2Fmedia&parent=496"}],"wp:term":[{"taxonomy":"product_cat","embeddable":true,"href":"https:\/\/acervodigital.grupoiza.com.br\/index.php?rest_route=%2Fwp%2Fv2%2Fproduct_cat&post=496"},{"taxonomy":"product_tag","embeddable":true,"href":"https:\/\/acervodigital.grupoiza.com.br\/index.php?rest_route=%2Fwp%2Fv2%2Fproduct_tag&post=496"}],"curies":[{"name":"wp","href":"https:\/\/api.w.org\/{rel}","templated":true}]}}