{"id":500,"date":"2024-06-28T17:36:16","date_gmt":"2024-06-28T20:36:16","guid":{"rendered":"https:\/\/acervodigital.grupoiza.com.br\/?post_type=product&#038;p=500"},"modified":"2024-06-28T17:36:16","modified_gmt":"2024-06-28T20:36:16","slug":"101-dicas-de-auto-ajuda","status":"publish","type":"product","link":"https:\/\/acervodigital.grupoiza.com.br\/?product=101-dicas-de-auto-ajuda","title":{"rendered":"101 Dicas de Auto Ajuda"},"content":{"rendered":"<p>Arquivo em formato PDF para download<\/p>\n","protected":false},"excerpt":{"rendered":"<p>Definir metas e alcan\u00e7\u00e1-las \u00e9 algo que todos podem fazer para melhorar suas vidas. Embora todos tenhamos objetivos que queremos alcan\u00e7ar, isso pode ser dif\u00edcil. Quase todo mundo luta para converter seus objetivos em realidade.<br \/>\nProcrastinamos e perdemos a motiva\u00e7\u00e3o e, finalmente, vacilamos na execu\u00e7\u00e3o de nossos planos, levando-nos a ficar frustrados e derrotados. Esse fracasso em atingir nossos objetivos acaba por nos levar a perder a f\u00e9 em nossas habilidades para seguir adiante, deixando-nos impotentes para abandonar velhos h\u00e1bitos e melhorar nossas vidas.<\/p>\n","protected":false},"featured_media":502,"template":"","meta":[],"product_cat":[26],"product_tag":[],"_links":{"self":[{"href":"https:\/\/acervodigital.grupoiza.com.br\/index.php?rest_route=\/wp\/v2\/product\/500"}],"collection":[{"href":"https:\/\/acervodigital.grupoiza.com.br\/index.php?rest_route=\/wp\/v2\/product"}],"about":[{"href":"https:\/\/acervodigital.grupoiza.com.br\/index.php?rest_route=\/wp\/v2\/types\/product"}],"version-history":[{"count":1,"href":"https:\/\/acervodigital.grupoiza.com.br\/index.php?rest_route=\/wp\/v2\/product\/500\/revisions"}],"predecessor-version":[{"id":503,"href":"https:\/\/acervodigital.grupoiza.com.br\/index.php?rest_route=\/wp\/v2\/product\/500\/revisions\/503"}],"wp:featuredmedia":[{"embeddable":true,"href":"https:\/\/acervodigital.grupoiza.com.br\/index.php?rest_route=\/wp\/v2\/media\/502"}],"wp:attachment":[{"href":"https:\/\/acervodigital.grupoiza.com.br\/index.php?rest_route=%2Fwp%2Fv2%2Fmedia&parent=500"}],"wp:term":[{"taxonomy":"product_cat","embeddable":true,"href":"https:\/\/acervodigital.grupoiza.com.br\/index.php?rest_route=%2Fwp%2Fv2%2Fproduct_cat&post=500"},{"taxonomy":"product_tag","embeddable":true,"href":"https:\/\/acervodigital.grupoiza.com.br\/index.php?rest_route=%2Fwp%2Fv2%2Fproduct_tag&post=500"}],"curies":[{"name":"wp","href":"https:\/\/api.w.org\/{rel}","templated":true}]}}