{"id":506,"date":"2024-06-28T18:11:29","date_gmt":"2024-06-28T21:11:29","guid":{"rendered":"https:\/\/acervodigital.grupoiza.com.br\/?post_type=product&#038;p=506"},"modified":"2024-06-28T18:11:29","modified_gmt":"2024-06-28T21:11:29","slug":"a-mente-de-um-empreendedor-de-sucesso","status":"publish","type":"product","link":"https:\/\/acervodigital.grupoiza.com.br\/?product=a-mente-de-um-empreendedor-de-sucesso","title":{"rendered":"A Mente de Um Empreendedor de Sucesso"},"content":{"rendered":"<p>Arquivo em formato PDF para download<\/p>\n","protected":false},"excerpt":{"rendered":"<p>Todos os dias no mundo real de tijolo e argamassa, milh\u00f5es e milh\u00f5es de pessoas se arrastam das camas quentes e quentes, tomam um banho, tomam uma x\u00edcara de caf\u00e9 e partem para o trabalho enquanto pensam que \u00e9 preciso ser uma maneira mais f\u00e1cil de ganhar a vida.<\/p>\n","protected":false},"featured_media":507,"template":"","meta":[],"product_cat":[26],"product_tag":[],"_links":{"self":[{"href":"https:\/\/acervodigital.grupoiza.com.br\/index.php?rest_route=\/wp\/v2\/product\/506"}],"collection":[{"href":"https:\/\/acervodigital.grupoiza.com.br\/index.php?rest_route=\/wp\/v2\/product"}],"about":[{"href":"https:\/\/acervodigital.grupoiza.com.br\/index.php?rest_route=\/wp\/v2\/types\/product"}],"version-history":[{"count":1,"href":"https:\/\/acervodigital.grupoiza.com.br\/index.php?rest_route=\/wp\/v2\/product\/506\/revisions"}],"predecessor-version":[{"id":509,"href":"https:\/\/acervodigital.grupoiza.com.br\/index.php?rest_route=\/wp\/v2\/product\/506\/revisions\/509"}],"wp:featuredmedia":[{"embeddable":true,"href":"https:\/\/acervodigital.grupoiza.com.br\/index.php?rest_route=\/wp\/v2\/media\/507"}],"wp:attachment":[{"href":"https:\/\/acervodigital.grupoiza.com.br\/index.php?rest_route=%2Fwp%2Fv2%2Fmedia&parent=506"}],"wp:term":[{"taxonomy":"product_cat","embeddable":true,"href":"https:\/\/acervodigital.grupoiza.com.br\/index.php?rest_route=%2Fwp%2Fv2%2Fproduct_cat&post=506"},{"taxonomy":"product_tag","embeddable":true,"href":"https:\/\/acervodigital.grupoiza.com.br\/index.php?rest_route=%2Fwp%2Fv2%2Fproduct_tag&post=506"}],"curies":[{"name":"wp","href":"https:\/\/api.w.org\/{rel}","templated":true}]}}