{"id":579,"date":"2024-06-28T19:10:41","date_gmt":"2024-06-28T22:10:41","guid":{"rendered":"https:\/\/acervodigital.grupoiza.com.br\/?post_type=product&#038;p=579"},"modified":"2024-06-28T19:10:41","modified_gmt":"2024-06-28T22:10:41","slug":"acredite-na-sua-visao","status":"publish","type":"product","link":"https:\/\/acervodigital.grupoiza.com.br\/?product=acredite-na-sua-visao","title":{"rendered":"Acredite Na Sua Vis\u00e3o"},"content":{"rendered":"<p>Arquivo em formato PDF para download<\/p>\n","protected":false},"excerpt":{"rendered":"<p>Ol\u00e1 e bem-vindo ao nosso breve e introdut\u00f3rio guia sobre o poder da lei da atra\u00e7\u00e3o, muito mais importante\u2026 Como colocar a lei da atra\u00e7\u00e3o em a\u00e7\u00e3o pela sua vida! A Lei da Atra\u00e7\u00e3o faz parte do Movimento do Novo Pensamento, sugerindo que voc\u00ea pode atrair experi\u00eancias positivas ou negativas para si mesmo simplesmente alterando sua mentalidade.<\/p>\n","protected":false},"featured_media":581,"template":"","meta":[],"product_cat":[26],"product_tag":[],"_links":{"self":[{"href":"https:\/\/acervodigital.grupoiza.com.br\/index.php?rest_route=\/wp\/v2\/product\/579"}],"collection":[{"href":"https:\/\/acervodigital.grupoiza.com.br\/index.php?rest_route=\/wp\/v2\/product"}],"about":[{"href":"https:\/\/acervodigital.grupoiza.com.br\/index.php?rest_route=\/wp\/v2\/types\/product"}],"version-history":[{"count":1,"href":"https:\/\/acervodigital.grupoiza.com.br\/index.php?rest_route=\/wp\/v2\/product\/579\/revisions"}],"predecessor-version":[{"id":582,"href":"https:\/\/acervodigital.grupoiza.com.br\/index.php?rest_route=\/wp\/v2\/product\/579\/revisions\/582"}],"wp:featuredmedia":[{"embeddable":true,"href":"https:\/\/acervodigital.grupoiza.com.br\/index.php?rest_route=\/wp\/v2\/media\/581"}],"wp:attachment":[{"href":"https:\/\/acervodigital.grupoiza.com.br\/index.php?rest_route=%2Fwp%2Fv2%2Fmedia&parent=579"}],"wp:term":[{"taxonomy":"product_cat","embeddable":true,"href":"https:\/\/acervodigital.grupoiza.com.br\/index.php?rest_route=%2Fwp%2Fv2%2Fproduct_cat&post=579"},{"taxonomy":"product_tag","embeddable":true,"href":"https:\/\/acervodigital.grupoiza.com.br\/index.php?rest_route=%2Fwp%2Fv2%2Fproduct_tag&post=579"}],"curies":[{"name":"wp","href":"https:\/\/api.w.org\/{rel}","templated":true}]}}