{"id":587,"date":"2024-06-29T09:30:23","date_gmt":"2024-06-29T12:30:23","guid":{"rendered":"https:\/\/acervodigital.grupoiza.com.br\/?post_type=product&#038;p=587"},"modified":"2024-06-29T09:30:23","modified_gmt":"2024-06-29T12:30:23","slug":"modelos-de-atracao-de-habitos-positivos","status":"publish","type":"product","link":"https:\/\/acervodigital.grupoiza.com.br\/?product=modelos-de-atracao-de-habitos-positivos","title":{"rendered":"Modelos de Atra\u00e7\u00e3o de H\u00e1bitos Positivos"},"content":{"rendered":"<p>Arquivo em formato PDF para download<\/p>\n","protected":false},"excerpt":{"rendered":"<p>A qualquer momento, voc\u00ea tem a liberdade de escolher conscientemente como deseja gastar seu tempo. Voc\u00ea \u00e9 capaz de se concentrar no aqui e agora, ficar totalmente consciente de tudo o que faz e fazer movimentos realmente calculados.<\/p>\n","protected":false},"featured_media":588,"template":"","meta":[],"product_cat":[26],"product_tag":[],"_links":{"self":[{"href":"https:\/\/acervodigital.grupoiza.com.br\/index.php?rest_route=\/wp\/v2\/product\/587"}],"collection":[{"href":"https:\/\/acervodigital.grupoiza.com.br\/index.php?rest_route=\/wp\/v2\/product"}],"about":[{"href":"https:\/\/acervodigital.grupoiza.com.br\/index.php?rest_route=\/wp\/v2\/types\/product"}],"version-history":[{"count":1,"href":"https:\/\/acervodigital.grupoiza.com.br\/index.php?rest_route=\/wp\/v2\/product\/587\/revisions"}],"predecessor-version":[{"id":590,"href":"https:\/\/acervodigital.grupoiza.com.br\/index.php?rest_route=\/wp\/v2\/product\/587\/revisions\/590"}],"wp:featuredmedia":[{"embeddable":true,"href":"https:\/\/acervodigital.grupoiza.com.br\/index.php?rest_route=\/wp\/v2\/media\/588"}],"wp:attachment":[{"href":"https:\/\/acervodigital.grupoiza.com.br\/index.php?rest_route=%2Fwp%2Fv2%2Fmedia&parent=587"}],"wp:term":[{"taxonomy":"product_cat","embeddable":true,"href":"https:\/\/acervodigital.grupoiza.com.br\/index.php?rest_route=%2Fwp%2Fv2%2Fproduct_cat&post=587"},{"taxonomy":"product_tag","embeddable":true,"href":"https:\/\/acervodigital.grupoiza.com.br\/index.php?rest_route=%2Fwp%2Fv2%2Fproduct_tag&post=587"}],"curies":[{"name":"wp","href":"https:\/\/api.w.org\/{rel}","templated":true}]}}