{"id":591,"date":"2024-07-01T08:30:04","date_gmt":"2024-07-01T11:30:04","guid":{"rendered":"https:\/\/acervodigital.grupoiza.com.br\/?post_type=product&#038;p=591"},"modified":"2024-07-01T08:30:04","modified_gmt":"2024-07-01T11:30:04","slug":"pensamento-positivo-como-chave-do-sucesso","status":"publish","type":"product","link":"https:\/\/acervodigital.grupoiza.com.br\/?product=pensamento-positivo-como-chave-do-sucesso","title":{"rendered":"Pensamento Positivo Como Chave do Sucesso"},"content":{"rendered":"<p>Arquivo em formato PDF para download<\/p>\n","protected":false},"excerpt":{"rendered":"<p>Quem j\u00e1 perseguiu um objetivo ativamente sabe que nem sempre \u00e9 f\u00e1cil. Mesmo quando voc\u00ea est\u00e1 fazendo algo em que \u00e9 \u00f3timo, ainda encontrar\u00e1 desafios e obst\u00e1culos que devem ser superados antes de atingir seu objetivo. Uma atitude otimista ajudar\u00e1 muito a garantir que os objetivos que voc\u00ea pretende cumprir sejam realmente alcan\u00e7ados.<\/p>\n","protected":false},"featured_media":592,"template":"","meta":[],"product_cat":[26],"product_tag":[],"_links":{"self":[{"href":"https:\/\/acervodigital.grupoiza.com.br\/index.php?rest_route=\/wp\/v2\/product\/591"}],"collection":[{"href":"https:\/\/acervodigital.grupoiza.com.br\/index.php?rest_route=\/wp\/v2\/product"}],"about":[{"href":"https:\/\/acervodigital.grupoiza.com.br\/index.php?rest_route=\/wp\/v2\/types\/product"}],"version-history":[{"count":1,"href":"https:\/\/acervodigital.grupoiza.com.br\/index.php?rest_route=\/wp\/v2\/product\/591\/revisions"}],"predecessor-version":[{"id":594,"href":"https:\/\/acervodigital.grupoiza.com.br\/index.php?rest_route=\/wp\/v2\/product\/591\/revisions\/594"}],"wp:featuredmedia":[{"embeddable":true,"href":"https:\/\/acervodigital.grupoiza.com.br\/index.php?rest_route=\/wp\/v2\/media\/592"}],"wp:attachment":[{"href":"https:\/\/acervodigital.grupoiza.com.br\/index.php?rest_route=%2Fwp%2Fv2%2Fmedia&parent=591"}],"wp:term":[{"taxonomy":"product_cat","embeddable":true,"href":"https:\/\/acervodigital.grupoiza.com.br\/index.php?rest_route=%2Fwp%2Fv2%2Fproduct_cat&post=591"},{"taxonomy":"product_tag","embeddable":true,"href":"https:\/\/acervodigital.grupoiza.com.br\/index.php?rest_route=%2Fwp%2Fv2%2Fproduct_tag&post=591"}],"curies":[{"name":"wp","href":"https:\/\/api.w.org\/{rel}","templated":true}]}}