{"id":595,"date":"2024-07-01T08:46:55","date_gmt":"2024-07-01T11:46:55","guid":{"rendered":"https:\/\/acervodigital.grupoiza.com.br\/?post_type=product&#038;p=595"},"modified":"2024-07-01T08:46:55","modified_gmt":"2024-07-01T11:46:55","slug":"redefinicao-da-mente","status":"publish","type":"product","link":"https:\/\/acervodigital.grupoiza.com.br\/?product=redefinicao-da-mente","title":{"rendered":"Redefini\u00e7\u00e3o da Mente"},"content":{"rendered":"<p>Arquivo em formato PDF para download<\/p>\n","protected":false},"excerpt":{"rendered":"<p>Todos temos objetivos e metas, e todos temos uma id\u00e9ia de como gostar\u00edamos que nossas vidas fossem. Apesar disso, muitos de n\u00f3s n\u00e3o atingem esses objetivos ou realizam nossos sonhos.<br \/>\nPor que \u00e9 isso?<br \/>\nOu, dito de outra maneira, o que est\u00e1 impedindo voc\u00ea?<br \/>\nH\u00e1 uma boa chance de voc\u00ea j\u00e1 saber qual \u00e9 a resposta prov\u00e1vel.<br \/>\n\u00c9 voc\u00ea.<\/p>\n","protected":false},"featured_media":596,"template":"","meta":[],"product_cat":[26],"product_tag":[],"_links":{"self":[{"href":"https:\/\/acervodigital.grupoiza.com.br\/index.php?rest_route=\/wp\/v2\/product\/595"}],"collection":[{"href":"https:\/\/acervodigital.grupoiza.com.br\/index.php?rest_route=\/wp\/v2\/product"}],"about":[{"href":"https:\/\/acervodigital.grupoiza.com.br\/index.php?rest_route=\/wp\/v2\/types\/product"}],"version-history":[{"count":1,"href":"https:\/\/acervodigital.grupoiza.com.br\/index.php?rest_route=\/wp\/v2\/product\/595\/revisions"}],"predecessor-version":[{"id":598,"href":"https:\/\/acervodigital.grupoiza.com.br\/index.php?rest_route=\/wp\/v2\/product\/595\/revisions\/598"}],"wp:featuredmedia":[{"embeddable":true,"href":"https:\/\/acervodigital.grupoiza.com.br\/index.php?rest_route=\/wp\/v2\/media\/596"}],"wp:attachment":[{"href":"https:\/\/acervodigital.grupoiza.com.br\/index.php?rest_route=%2Fwp%2Fv2%2Fmedia&parent=595"}],"wp:term":[{"taxonomy":"product_cat","embeddable":true,"href":"https:\/\/acervodigital.grupoiza.com.br\/index.php?rest_route=%2Fwp%2Fv2%2Fproduct_cat&post=595"},{"taxonomy":"product_tag","embeddable":true,"href":"https:\/\/acervodigital.grupoiza.com.br\/index.php?rest_route=%2Fwp%2Fv2%2Fproduct_tag&post=595"}],"curies":[{"name":"wp","href":"https:\/\/api.w.org\/{rel}","templated":true}]}}