{"id":599,"date":"2024-07-01T08:49:31","date_gmt":"2024-07-01T11:49:31","guid":{"rendered":"https:\/\/acervodigital.grupoiza.com.br\/?post_type=product&#038;p=599"},"modified":"2024-07-01T08:49:31","modified_gmt":"2024-07-01T11:49:31","slug":"tempo-de-sucesso","status":"publish","type":"product","link":"https:\/\/acervodigital.grupoiza.com.br\/?product=tempo-de-sucesso","title":{"rendered":"Tempo de Sucesso"},"content":{"rendered":"<p>Arquivo em formato PDF para download<\/p>\n","protected":false},"excerpt":{"rendered":"<p>Ent\u00e3o, voc\u00ea est\u00e1 ansioso para atingir os objetivos que definiu para voc\u00ea e sua empresa on-line, mas rapidamente percebe que h\u00e1 muito para fazer dentro de um dia. N\u00e3o importa o quanto tente, voc\u00ea sente que est\u00e1 sempre um passo atr\u00e1s.<br \/>\nUma coisa fica muito clara: voc\u00ea precisa de um plano.<\/p>\n","protected":false},"featured_media":600,"template":"","meta":[],"product_cat":[26],"product_tag":[],"_links":{"self":[{"href":"https:\/\/acervodigital.grupoiza.com.br\/index.php?rest_route=\/wp\/v2\/product\/599"}],"collection":[{"href":"https:\/\/acervodigital.grupoiza.com.br\/index.php?rest_route=\/wp\/v2\/product"}],"about":[{"href":"https:\/\/acervodigital.grupoiza.com.br\/index.php?rest_route=\/wp\/v2\/types\/product"}],"version-history":[{"count":1,"href":"https:\/\/acervodigital.grupoiza.com.br\/index.php?rest_route=\/wp\/v2\/product\/599\/revisions"}],"predecessor-version":[{"id":602,"href":"https:\/\/acervodigital.grupoiza.com.br\/index.php?rest_route=\/wp\/v2\/product\/599\/revisions\/602"}],"wp:featuredmedia":[{"embeddable":true,"href":"https:\/\/acervodigital.grupoiza.com.br\/index.php?rest_route=\/wp\/v2\/media\/600"}],"wp:attachment":[{"href":"https:\/\/acervodigital.grupoiza.com.br\/index.php?rest_route=%2Fwp%2Fv2%2Fmedia&parent=599"}],"wp:term":[{"taxonomy":"product_cat","embeddable":true,"href":"https:\/\/acervodigital.grupoiza.com.br\/index.php?rest_route=%2Fwp%2Fv2%2Fproduct_cat&post=599"},{"taxonomy":"product_tag","embeddable":true,"href":"https:\/\/acervodigital.grupoiza.com.br\/index.php?rest_route=%2Fwp%2Fv2%2Fproduct_tag&post=599"}],"curies":[{"name":"wp","href":"https:\/\/api.w.org\/{rel}","templated":true}]}}