{"id":603,"date":"2024-07-01T08:53:59","date_gmt":"2024-07-01T11:53:59","guid":{"rendered":"https:\/\/acervodigital.grupoiza.com.br\/?post_type=product&#038;p=603"},"modified":"2024-07-01T08:53:59","modified_gmt":"2024-07-01T11:53:59","slug":"5-maneiras-de-aumentar-suas-comissoes-de-afiliados","status":"publish","type":"product","link":"https:\/\/acervodigital.grupoiza.com.br\/?product=5-maneiras-de-aumentar-suas-comissoes-de-afiliados","title":{"rendered":"5 Maneiras de Aumentar Suas Comiss\u00f5es de Afiliados"},"content":{"rendered":"<p>Arquivo em formato PDF para download<\/p>\n","protected":false},"excerpt":{"rendered":"<p>O marketing de afiliados \u00e9 um modelo de neg\u00f3cios com grandes oportunidades para os profissionais de marketing. Neste relat\u00f3rio, voc\u00ea aprender\u00e1 como aproveitar totalmente esse potencial para poder come\u00e7ar a ganhar BIG enquanto trabalha com LITTLE.<\/p>\n","protected":false},"featured_media":604,"template":"","meta":[],"product_cat":[27],"product_tag":[],"_links":{"self":[{"href":"https:\/\/acervodigital.grupoiza.com.br\/index.php?rest_route=\/wp\/v2\/product\/603"}],"collection":[{"href":"https:\/\/acervodigital.grupoiza.com.br\/index.php?rest_route=\/wp\/v2\/product"}],"about":[{"href":"https:\/\/acervodigital.grupoiza.com.br\/index.php?rest_route=\/wp\/v2\/types\/product"}],"version-history":[{"count":1,"href":"https:\/\/acervodigital.grupoiza.com.br\/index.php?rest_route=\/wp\/v2\/product\/603\/revisions"}],"predecessor-version":[{"id":606,"href":"https:\/\/acervodigital.grupoiza.com.br\/index.php?rest_route=\/wp\/v2\/product\/603\/revisions\/606"}],"wp:featuredmedia":[{"embeddable":true,"href":"https:\/\/acervodigital.grupoiza.com.br\/index.php?rest_route=\/wp\/v2\/media\/604"}],"wp:attachment":[{"href":"https:\/\/acervodigital.grupoiza.com.br\/index.php?rest_route=%2Fwp%2Fv2%2Fmedia&parent=603"}],"wp:term":[{"taxonomy":"product_cat","embeddable":true,"href":"https:\/\/acervodigital.grupoiza.com.br\/index.php?rest_route=%2Fwp%2Fv2%2Fproduct_cat&post=603"},{"taxonomy":"product_tag","embeddable":true,"href":"https:\/\/acervodigital.grupoiza.com.br\/index.php?rest_route=%2Fwp%2Fv2%2Fproduct_tag&post=603"}],"curies":[{"name":"wp","href":"https:\/\/api.w.org\/{rel}","templated":true}]}}