{"id":615,"date":"2024-07-01T09:26:47","date_gmt":"2024-07-01T12:26:47","guid":{"rendered":"https:\/\/acervodigital.grupoiza.com.br\/?post_type=product&#038;p=615"},"modified":"2024-07-01T13:17:56","modified_gmt":"2024-07-01T16:17:56","slug":"estrategias-de-lideranca","status":"publish","type":"product","link":"https:\/\/acervodigital.grupoiza.com.br\/?product=estrategias-de-lideranca","title":{"rendered":"Estrat\u00e9gias de Lideran\u00e7a"},"content":{"rendered":"<p>Arquivo em formato PDF para download<\/p>\n","protected":false},"excerpt":{"rendered":"<p>Todo mundo j\u00e1 teve a experi\u00eancia de trabalhar para chefes n\u00e3o muito bons. Embora seja comum que pessoas sejam promovidas \u00e0 ger\u00eancia por se destacarem em posi\u00e7\u00f5es de n\u00e3o lideran\u00e7a, a verdade \u00e9 que muitas das pessoas que recebem essas promo\u00e7\u00f5es n\u00e3o possuem as habilidades necess\u00e1rias para gerenciar efetivamente sua equipe.<\/p>\n<p>Em outras palavras, elas n\u00e3o t\u00eam as habilidades de lideran\u00e7a indispens\u00e1veis que todos os grandes chefes t\u00eam em comum.<\/p>\n","protected":false},"featured_media":616,"template":"","meta":[],"product_cat":[27],"product_tag":[],"_links":{"self":[{"href":"https:\/\/acervodigital.grupoiza.com.br\/index.php?rest_route=\/wp\/v2\/product\/615"}],"collection":[{"href":"https:\/\/acervodigital.grupoiza.com.br\/index.php?rest_route=\/wp\/v2\/product"}],"about":[{"href":"https:\/\/acervodigital.grupoiza.com.br\/index.php?rest_route=\/wp\/v2\/types\/product"}],"version-history":[{"count":1,"href":"https:\/\/acervodigital.grupoiza.com.br\/index.php?rest_route=\/wp\/v2\/product\/615\/revisions"}],"predecessor-version":[{"id":618,"href":"https:\/\/acervodigital.grupoiza.com.br\/index.php?rest_route=\/wp\/v2\/product\/615\/revisions\/618"}],"wp:featuredmedia":[{"embeddable":true,"href":"https:\/\/acervodigital.grupoiza.com.br\/index.php?rest_route=\/wp\/v2\/media\/616"}],"wp:attachment":[{"href":"https:\/\/acervodigital.grupoiza.com.br\/index.php?rest_route=%2Fwp%2Fv2%2Fmedia&parent=615"}],"wp:term":[{"taxonomy":"product_cat","embeddable":true,"href":"https:\/\/acervodigital.grupoiza.com.br\/index.php?rest_route=%2Fwp%2Fv2%2Fproduct_cat&post=615"},{"taxonomy":"product_tag","embeddable":true,"href":"https:\/\/acervodigital.grupoiza.com.br\/index.php?rest_route=%2Fwp%2Fv2%2Fproduct_tag&post=615"}],"curies":[{"name":"wp","href":"https:\/\/api.w.org\/{rel}","templated":true}]}}