{"id":619,"date":"2024-07-01T09:29:49","date_gmt":"2024-07-01T12:29:49","guid":{"rendered":"https:\/\/acervodigital.grupoiza.com.br\/?post_type=product&#038;p=619"},"modified":"2024-07-01T13:17:56","modified_gmt":"2024-07-01T16:17:56","slug":"video-playbook","status":"publish","type":"product","link":"https:\/\/acervodigital.grupoiza.com.br\/?product=video-playbook","title":{"rendered":"Video Playbook"},"content":{"rendered":"<p>Arquivo em formato PDF para download<\/p>\n","protected":false},"excerpt":{"rendered":"<p>O v\u00eddeo \u00e9 o tipo de m\u00eddia online que mais cresce. At\u00e9 empresas que foram fundadas em outros tipos de transmiss\u00e3o &#8211; como o Twitter e o Instagram come\u00e7aram a adotar o v\u00eddeo para melhorar o envolvimento dos visitantes e se conectar melhor com o p\u00fablico-alvo.<\/p>\n<p>Com a preval\u00eancia de acesso \u00e0 Internet de alta velocidade na maioria das \u00e1reas do mundo, n\u00e3o \u00e9 de admirar que o v\u00eddeo seja o m\u00e9todo preferido de comunica\u00e7\u00e3o, seja para fins educacionais ou de entretenimento.<\/p>\n","protected":false},"featured_media":620,"template":"","meta":[],"product_cat":[27],"product_tag":[],"_links":{"self":[{"href":"https:\/\/acervodigital.grupoiza.com.br\/index.php?rest_route=\/wp\/v2\/product\/619"}],"collection":[{"href":"https:\/\/acervodigital.grupoiza.com.br\/index.php?rest_route=\/wp\/v2\/product"}],"about":[{"href":"https:\/\/acervodigital.grupoiza.com.br\/index.php?rest_route=\/wp\/v2\/types\/product"}],"version-history":[{"count":1,"href":"https:\/\/acervodigital.grupoiza.com.br\/index.php?rest_route=\/wp\/v2\/product\/619\/revisions"}],"predecessor-version":[{"id":622,"href":"https:\/\/acervodigital.grupoiza.com.br\/index.php?rest_route=\/wp\/v2\/product\/619\/revisions\/622"}],"wp:featuredmedia":[{"embeddable":true,"href":"https:\/\/acervodigital.grupoiza.com.br\/index.php?rest_route=\/wp\/v2\/media\/620"}],"wp:attachment":[{"href":"https:\/\/acervodigital.grupoiza.com.br\/index.php?rest_route=%2Fwp%2Fv2%2Fmedia&parent=619"}],"wp:term":[{"taxonomy":"product_cat","embeddable":true,"href":"https:\/\/acervodigital.grupoiza.com.br\/index.php?rest_route=%2Fwp%2Fv2%2Fproduct_cat&post=619"},{"taxonomy":"product_tag","embeddable":true,"href":"https:\/\/acervodigital.grupoiza.com.br\/index.php?rest_route=%2Fwp%2Fv2%2Fproduct_tag&post=619"}],"curies":[{"name":"wp","href":"https:\/\/api.w.org\/{rel}","templated":true}]}}