{"id":623,"date":"2024-07-01T09:32:56","date_gmt":"2024-07-01T12:32:56","guid":{"rendered":"https:\/\/acervodigital.grupoiza.com.br\/?post_type=product&#038;p=623"},"modified":"2024-07-01T13:17:56","modified_gmt":"2024-07-01T16:17:56","slug":"guia-de-7-minutos-para-marketing-de-afiliados","status":"publish","type":"product","link":"https:\/\/acervodigital.grupoiza.com.br\/?product=guia-de-7-minutos-para-marketing-de-afiliados","title":{"rendered":"Guia de 7 Minutos Para Marketing de Afiliados"},"content":{"rendered":"<p>Arquivo em formato PDF para download<\/p>\n","protected":false},"excerpt":{"rendered":"<p>Se voc\u00ea est\u00e1 lendo este relat\u00f3rio, \u00e9 prov\u00e1vel que j\u00e1 saiba como o marketing de afiliados funciona. Se voc\u00ea n\u00e3o souber, aqui est\u00e1 uma r\u00e1pida recapitula\u00e7\u00e3o.<\/p>\n<p>Quando algu\u00e9m cria um produto, geralmente, ele tem duas op\u00e7\u00f5es. Ou eles pr\u00f3prios promover\u00e3o esse produto ou encontrar\u00e3o pessoas para promover esse produto.<\/p>\n","protected":false},"featured_media":624,"template":"","meta":[],"product_cat":[27],"product_tag":[],"_links":{"self":[{"href":"https:\/\/acervodigital.grupoiza.com.br\/index.php?rest_route=\/wp\/v2\/product\/623"}],"collection":[{"href":"https:\/\/acervodigital.grupoiza.com.br\/index.php?rest_route=\/wp\/v2\/product"}],"about":[{"href":"https:\/\/acervodigital.grupoiza.com.br\/index.php?rest_route=\/wp\/v2\/types\/product"}],"version-history":[{"count":1,"href":"https:\/\/acervodigital.grupoiza.com.br\/index.php?rest_route=\/wp\/v2\/product\/623\/revisions"}],"predecessor-version":[{"id":626,"href":"https:\/\/acervodigital.grupoiza.com.br\/index.php?rest_route=\/wp\/v2\/product\/623\/revisions\/626"}],"wp:featuredmedia":[{"embeddable":true,"href":"https:\/\/acervodigital.grupoiza.com.br\/index.php?rest_route=\/wp\/v2\/media\/624"}],"wp:attachment":[{"href":"https:\/\/acervodigital.grupoiza.com.br\/index.php?rest_route=%2Fwp%2Fv2%2Fmedia&parent=623"}],"wp:term":[{"taxonomy":"product_cat","embeddable":true,"href":"https:\/\/acervodigital.grupoiza.com.br\/index.php?rest_route=%2Fwp%2Fv2%2Fproduct_cat&post=623"},{"taxonomy":"product_tag","embeddable":true,"href":"https:\/\/acervodigital.grupoiza.com.br\/index.php?rest_route=%2Fwp%2Fv2%2Fproduct_tag&post=623"}],"curies":[{"name":"wp","href":"https:\/\/api.w.org\/{rel}","templated":true}]}}