{"id":631,"date":"2024-07-01T09:39:14","date_gmt":"2024-07-01T12:39:14","guid":{"rendered":"https:\/\/acervodigital.grupoiza.com.br\/?post_type=product&#038;p=631"},"modified":"2024-07-01T13:17:56","modified_gmt":"2024-07-01T16:17:56","slug":"mindset-dos-milionarios","status":"publish","type":"product","link":"https:\/\/acervodigital.grupoiza.com.br\/?product=mindset-dos-milionarios","title":{"rendered":"Mindset dos Milion\u00e1rios"},"content":{"rendered":"<p>Arquivo em formato PDF para download<\/p>\n","protected":false},"excerpt":{"rendered":"<p>Desenvolver-se pessoalmente \u00e9 lidar com as coisas que voc\u00ea quer fazer e as que voc\u00ea tem a obriga\u00e7\u00e3o de fazer de forma saud\u00e1vel, pragm\u00e1tica e adulta. Vamos entender melhor neste ebook!<\/p>\n<p>Talvez a primeira novidade j\u00e1 tenha aparecido no pr\u00f3prio t\u00edtulo deste guia: a express\u00e3o \u201cdesenvolvimento pessoal\u201d e a palavra \u201csucesso\u201d quase lado a lado. Isso n\u00e3o \u00e9 \u00e0 toa.<\/p>\n","protected":false},"featured_media":632,"template":"","meta":[],"product_cat":[27],"product_tag":[],"_links":{"self":[{"href":"https:\/\/acervodigital.grupoiza.com.br\/index.php?rest_route=\/wp\/v2\/product\/631"}],"collection":[{"href":"https:\/\/acervodigital.grupoiza.com.br\/index.php?rest_route=\/wp\/v2\/product"}],"about":[{"href":"https:\/\/acervodigital.grupoiza.com.br\/index.php?rest_route=\/wp\/v2\/types\/product"}],"version-history":[{"count":1,"href":"https:\/\/acervodigital.grupoiza.com.br\/index.php?rest_route=\/wp\/v2\/product\/631\/revisions"}],"predecessor-version":[{"id":634,"href":"https:\/\/acervodigital.grupoiza.com.br\/index.php?rest_route=\/wp\/v2\/product\/631\/revisions\/634"}],"wp:featuredmedia":[{"embeddable":true,"href":"https:\/\/acervodigital.grupoiza.com.br\/index.php?rest_route=\/wp\/v2\/media\/632"}],"wp:attachment":[{"href":"https:\/\/acervodigital.grupoiza.com.br\/index.php?rest_route=%2Fwp%2Fv2%2Fmedia&parent=631"}],"wp:term":[{"taxonomy":"product_cat","embeddable":true,"href":"https:\/\/acervodigital.grupoiza.com.br\/index.php?rest_route=%2Fwp%2Fv2%2Fproduct_cat&post=631"},{"taxonomy":"product_tag","embeddable":true,"href":"https:\/\/acervodigital.grupoiza.com.br\/index.php?rest_route=%2Fwp%2Fv2%2Fproduct_tag&post=631"}],"curies":[{"name":"wp","href":"https:\/\/api.w.org\/{rel}","templated":true}]}}