{"id":635,"date":"2024-07-01T09:48:58","date_gmt":"2024-07-01T12:48:58","guid":{"rendered":"https:\/\/acervodigital.grupoiza.com.br\/?post_type=product&#038;p=635"},"modified":"2024-07-01T13:17:56","modified_gmt":"2024-07-01T16:17:56","slug":"nocoes-basicas-de-copywriting","status":"publish","type":"product","link":"https:\/\/acervodigital.grupoiza.com.br\/?product=nocoes-basicas-de-copywriting","title":{"rendered":"No\u00e7\u00f5es B\u00e1sicas de Copywriting"},"content":{"rendered":"<p>Arquivo em formato PDF para download<\/p>\n","protected":false},"excerpt":{"rendered":"<p>Embora muitas pessoas pensem que escrever uma c\u00f3pia eficaz para a Web \u00e9 f\u00e1cil, n\u00e3o \u00e9. Portanto, se voc\u00ea deseja garantir que seus leitores e clientes entendam como o site funciona e o que ele pode fazer por eles, \u00e9 necess\u00e1rio produzir bons direitos autorais.<\/p>\n<p>Neste livro, examinaremos os conceitos b\u00e1sicos da produ\u00e7\u00e3o de bons direitos autorais para a web. Mas antes de come\u00e7armos, h\u00e1 v\u00e1rias coisas que voc\u00ea deve se lembrar.<\/p>\n","protected":false},"featured_media":636,"template":"","meta":[],"product_cat":[27],"product_tag":[],"_links":{"self":[{"href":"https:\/\/acervodigital.grupoiza.com.br\/index.php?rest_route=\/wp\/v2\/product\/635"}],"collection":[{"href":"https:\/\/acervodigital.grupoiza.com.br\/index.php?rest_route=\/wp\/v2\/product"}],"about":[{"href":"https:\/\/acervodigital.grupoiza.com.br\/index.php?rest_route=\/wp\/v2\/types\/product"}],"version-history":[{"count":1,"href":"https:\/\/acervodigital.grupoiza.com.br\/index.php?rest_route=\/wp\/v2\/product\/635\/revisions"}],"predecessor-version":[{"id":638,"href":"https:\/\/acervodigital.grupoiza.com.br\/index.php?rest_route=\/wp\/v2\/product\/635\/revisions\/638"}],"wp:featuredmedia":[{"embeddable":true,"href":"https:\/\/acervodigital.grupoiza.com.br\/index.php?rest_route=\/wp\/v2\/media\/636"}],"wp:attachment":[{"href":"https:\/\/acervodigital.grupoiza.com.br\/index.php?rest_route=%2Fwp%2Fv2%2Fmedia&parent=635"}],"wp:term":[{"taxonomy":"product_cat","embeddable":true,"href":"https:\/\/acervodigital.grupoiza.com.br\/index.php?rest_route=%2Fwp%2Fv2%2Fproduct_cat&post=635"},{"taxonomy":"product_tag","embeddable":true,"href":"https:\/\/acervodigital.grupoiza.com.br\/index.php?rest_route=%2Fwp%2Fv2%2Fproduct_tag&post=635"}],"curies":[{"name":"wp","href":"https:\/\/api.w.org\/{rel}","templated":true}]}}