{"id":639,"date":"2024-07-01T09:52:40","date_gmt":"2024-07-01T12:52:40","guid":{"rendered":"https:\/\/acervodigital.grupoiza.com.br\/?post_type=product&#038;p=639"},"modified":"2024-07-01T13:17:56","modified_gmt":"2024-07-01T16:17:56","slug":"storytelling-marketing","status":"publish","type":"product","link":"https:\/\/acervodigital.grupoiza.com.br\/?product=storytelling-marketing","title":{"rendered":"Storytelling Marketing"},"content":{"rendered":"<p>Arquivo em formato PDF para download<\/p>\n","protected":false},"excerpt":{"rendered":"<p>A narra\u00e7\u00e3o de hist\u00f3rias, t\u00e9cnica a qual iremos nos referir como Storytelling, pode ser um componente poderoso em uma estrat\u00e9gia de marketing. Pode ser a for\u00e7a motriz por tr\u00e1s do desenvolvimento e, mais importante, o estabelecimento de uma marca que conecte e ressoe com seu p\u00fablico-alvo.<\/p>\n<p>A hist\u00f3ria que voc\u00ea conta e o m\u00e9todo que voc\u00ea usa para tecer essa hist\u00f3ria em todas as suas campanhas de marketing ser\u00e3o baseados em seus objetivos gerais, mas uma coisa permanece a mesma:<\/p>\n<p>Sua hist\u00f3ria ser\u00e1 projetada para apresentar sua marca ao mundo de uma forma que o ajude a se destacar no mercado e a se destacar da concorr\u00eancia.<\/p>\n","protected":false},"featured_media":640,"template":"","meta":[],"product_cat":[27],"product_tag":[],"_links":{"self":[{"href":"https:\/\/acervodigital.grupoiza.com.br\/index.php?rest_route=\/wp\/v2\/product\/639"}],"collection":[{"href":"https:\/\/acervodigital.grupoiza.com.br\/index.php?rest_route=\/wp\/v2\/product"}],"about":[{"href":"https:\/\/acervodigital.grupoiza.com.br\/index.php?rest_route=\/wp\/v2\/types\/product"}],"version-history":[{"count":1,"href":"https:\/\/acervodigital.grupoiza.com.br\/index.php?rest_route=\/wp\/v2\/product\/639\/revisions"}],"predecessor-version":[{"id":642,"href":"https:\/\/acervodigital.grupoiza.com.br\/index.php?rest_route=\/wp\/v2\/product\/639\/revisions\/642"}],"wp:featuredmedia":[{"embeddable":true,"href":"https:\/\/acervodigital.grupoiza.com.br\/index.php?rest_route=\/wp\/v2\/media\/640"}],"wp:attachment":[{"href":"https:\/\/acervodigital.grupoiza.com.br\/index.php?rest_route=%2Fwp%2Fv2%2Fmedia&parent=639"}],"wp:term":[{"taxonomy":"product_cat","embeddable":true,"href":"https:\/\/acervodigital.grupoiza.com.br\/index.php?rest_route=%2Fwp%2Fv2%2Fproduct_cat&post=639"},{"taxonomy":"product_tag","embeddable":true,"href":"https:\/\/acervodigital.grupoiza.com.br\/index.php?rest_route=%2Fwp%2Fv2%2Fproduct_tag&post=639"}],"curies":[{"name":"wp","href":"https:\/\/api.w.org\/{rel}","templated":true}]}}