{"id":643,"date":"2024-07-01T10:01:02","date_gmt":"2024-07-01T13:01:02","guid":{"rendered":"https:\/\/acervodigital.grupoiza.com.br\/?post_type=product&#038;p=643"},"modified":"2024-07-01T13:17:56","modified_gmt":"2024-07-01T16:17:56","slug":"trabalhe-em-casa-economizando-tempo","status":"publish","type":"product","link":"https:\/\/acervodigital.grupoiza.com.br\/?product=trabalhe-em-casa-economizando-tempo","title":{"rendered":"Trabalhe em Casa Economizando Tempo"},"content":{"rendered":"<p>Arquivo em formato PDF para download<\/p>\n","protected":false},"excerpt":{"rendered":"<p>Ouvi pessoas afirmarem que a primordial raz\u00e3o pela qual buscam trabalhar em casa \u00e9 porque s\u00f3 podem executar quando querem trabalhar. \u00c9 verdade que voc\u00ea pode determinar seu pr\u00f3prio hor\u00e1rio de emprego quando age em casa, mas isso n\u00e3o indica que voc\u00ea n\u00e3o precisa definir hor\u00e1rios de trabalho.<\/p>\n<p>Um hor\u00e1rio de trabalho de &#8220;sucesso ou falha&#8221; &#8230; ou melhor, a falta de hor\u00e1rio de trabalho, simplesmente n\u00e3o funcionar\u00e1. Tempo \u00e9 essencial! Seu tempo!<\/p>\n","protected":false},"featured_media":644,"template":"","meta":[],"product_cat":[27],"product_tag":[],"_links":{"self":[{"href":"https:\/\/acervodigital.grupoiza.com.br\/index.php?rest_route=\/wp\/v2\/product\/643"}],"collection":[{"href":"https:\/\/acervodigital.grupoiza.com.br\/index.php?rest_route=\/wp\/v2\/product"}],"about":[{"href":"https:\/\/acervodigital.grupoiza.com.br\/index.php?rest_route=\/wp\/v2\/types\/product"}],"version-history":[{"count":1,"href":"https:\/\/acervodigital.grupoiza.com.br\/index.php?rest_route=\/wp\/v2\/product\/643\/revisions"}],"predecessor-version":[{"id":646,"href":"https:\/\/acervodigital.grupoiza.com.br\/index.php?rest_route=\/wp\/v2\/product\/643\/revisions\/646"}],"wp:featuredmedia":[{"embeddable":true,"href":"https:\/\/acervodigital.grupoiza.com.br\/index.php?rest_route=\/wp\/v2\/media\/644"}],"wp:attachment":[{"href":"https:\/\/acervodigital.grupoiza.com.br\/index.php?rest_route=%2Fwp%2Fv2%2Fmedia&parent=643"}],"wp:term":[{"taxonomy":"product_cat","embeddable":true,"href":"https:\/\/acervodigital.grupoiza.com.br\/index.php?rest_route=%2Fwp%2Fv2%2Fproduct_cat&post=643"},{"taxonomy":"product_tag","embeddable":true,"href":"https:\/\/acervodigital.grupoiza.com.br\/index.php?rest_route=%2Fwp%2Fv2%2Fproduct_tag&post=643"}],"curies":[{"name":"wp","href":"https:\/\/api.w.org\/{rel}","templated":true}]}}