{"id":647,"date":"2024-07-01T10:03:35","date_gmt":"2024-07-01T13:03:35","guid":{"rendered":"https:\/\/acervodigital.grupoiza.com.br\/?post_type=product&#038;p=647"},"modified":"2024-07-01T13:17:56","modified_gmt":"2024-07-01T16:17:56","slug":"como-ser-um-afiliado-vencedor","status":"publish","type":"product","link":"https:\/\/acervodigital.grupoiza.com.br\/?product=como-ser-um-afiliado-vencedor","title":{"rendered":"Como Ser Um Afiliado Vencedor"},"content":{"rendered":"<p>Arquivo em formato PDF para download<\/p>\n","protected":false},"excerpt":{"rendered":"<p>Quando voc\u00ea presencia a um jogo de futebol na TV, \u00e9 capaz ver naturalmente como os jogos s\u00e3o vencidos ou perdidos na guerra que ocorre na linha de luta. Jogadas ofensivas s\u00e3o projetadas para defender o zagueiro e \/ ou abrir buracos na defesa para que a jardas possa ser expandida.<\/p>\n<p>Jogadas defensivas s\u00e3o projetadas para saquear o zagueiro ou fechar buracos que permitiriam ganhar jardas. Os zagueiros e treinadores recebem o cr\u00e9dito pelas vit\u00f3rias e a culpa pelas perdas, mas a batalha \u00e9 vencida ou perdida nas trincheiras.<\/p>\n","protected":false},"featured_media":648,"template":"","meta":[],"product_cat":[27],"product_tag":[],"_links":{"self":[{"href":"https:\/\/acervodigital.grupoiza.com.br\/index.php?rest_route=\/wp\/v2\/product\/647"}],"collection":[{"href":"https:\/\/acervodigital.grupoiza.com.br\/index.php?rest_route=\/wp\/v2\/product"}],"about":[{"href":"https:\/\/acervodigital.grupoiza.com.br\/index.php?rest_route=\/wp\/v2\/types\/product"}],"version-history":[{"count":1,"href":"https:\/\/acervodigital.grupoiza.com.br\/index.php?rest_route=\/wp\/v2\/product\/647\/revisions"}],"predecessor-version":[{"id":650,"href":"https:\/\/acervodigital.grupoiza.com.br\/index.php?rest_route=\/wp\/v2\/product\/647\/revisions\/650"}],"wp:featuredmedia":[{"embeddable":true,"href":"https:\/\/acervodigital.grupoiza.com.br\/index.php?rest_route=\/wp\/v2\/media\/648"}],"wp:attachment":[{"href":"https:\/\/acervodigital.grupoiza.com.br\/index.php?rest_route=%2Fwp%2Fv2%2Fmedia&parent=647"}],"wp:term":[{"taxonomy":"product_cat","embeddable":true,"href":"https:\/\/acervodigital.grupoiza.com.br\/index.php?rest_route=%2Fwp%2Fv2%2Fproduct_cat&post=647"},{"taxonomy":"product_tag","embeddable":true,"href":"https:\/\/acervodigital.grupoiza.com.br\/index.php?rest_route=%2Fwp%2Fv2%2Fproduct_tag&post=647"}],"curies":[{"name":"wp","href":"https:\/\/api.w.org\/{rel}","templated":true}]}}