{"id":676,"date":"2024-07-01T12:36:18","date_gmt":"2024-07-01T15:36:18","guid":{"rendered":"https:\/\/acervodigital.grupoiza.com.br\/?post_type=product&#038;p=676"},"modified":"2024-07-01T13:17:56","modified_gmt":"2024-07-01T16:17:56","slug":"o-guia-do-concurso-publico","status":"publish","type":"product","link":"https:\/\/acervodigital.grupoiza.com.br\/?product=o-guia-do-concurso-publico","title":{"rendered":"O guia do concurso p\u00fablico"},"content":{"rendered":"<p>Arquivo em formato PDF para download<\/p>\n","protected":false},"excerpt":{"rendered":"<p>Se voc\u00ea j\u00e1 est\u00e1 no mundo dos concursos, estudando h\u00e1 meses ou anos, certamente j\u00e1 deve ter passado por obst\u00e1culos em decorr\u00eancia de uma agenda conturbada, desorganizada, cheia de \u201cimprevistos\u201d.<\/p>\n<p>Bate aquele des\u00e2nimo por acreditar que, com seu estilo de vida, n\u00e3o h\u00e1 tempo suficiente para os estudos com efici\u00eancia suficiente para a aprova\u00e7\u00e3o no concurso p\u00fablico dos seus sonhos.<\/p>\n<p>E se voc\u00ea ainda n\u00e3o passou por isso, se ainda n\u00e3o teve essa sensa\u00e7\u00e3o terr\u00edvel, vale a pena prevenir e levar a s\u00e9rio as dicas aqui apontadas.<\/p>\n","protected":false},"featured_media":677,"template":"","meta":[],"product_cat":[50],"product_tag":[],"_links":{"self":[{"href":"https:\/\/acervodigital.grupoiza.com.br\/index.php?rest_route=\/wp\/v2\/product\/676"}],"collection":[{"href":"https:\/\/acervodigital.grupoiza.com.br\/index.php?rest_route=\/wp\/v2\/product"}],"about":[{"href":"https:\/\/acervodigital.grupoiza.com.br\/index.php?rest_route=\/wp\/v2\/types\/product"}],"version-history":[{"count":1,"href":"https:\/\/acervodigital.grupoiza.com.br\/index.php?rest_route=\/wp\/v2\/product\/676\/revisions"}],"predecessor-version":[{"id":679,"href":"https:\/\/acervodigital.grupoiza.com.br\/index.php?rest_route=\/wp\/v2\/product\/676\/revisions\/679"}],"wp:featuredmedia":[{"embeddable":true,"href":"https:\/\/acervodigital.grupoiza.com.br\/index.php?rest_route=\/wp\/v2\/media\/677"}],"wp:attachment":[{"href":"https:\/\/acervodigital.grupoiza.com.br\/index.php?rest_route=%2Fwp%2Fv2%2Fmedia&parent=676"}],"wp:term":[{"taxonomy":"product_cat","embeddable":true,"href":"https:\/\/acervodigital.grupoiza.com.br\/index.php?rest_route=%2Fwp%2Fv2%2Fproduct_cat&post=676"},{"taxonomy":"product_tag","embeddable":true,"href":"https:\/\/acervodigital.grupoiza.com.br\/index.php?rest_route=%2Fwp%2Fv2%2Fproduct_tag&post=676"}],"curies":[{"name":"wp","href":"https:\/\/api.w.org\/{rel}","templated":true}]}}