{"id":684,"date":"2024-07-01T12:41:31","date_gmt":"2024-07-01T15:41:31","guid":{"rendered":"https:\/\/acervodigital.grupoiza.com.br\/?post_type=product&#038;p=684"},"modified":"2024-07-01T13:17:56","modified_gmt":"2024-07-01T16:17:56","slug":"acorde-agora","status":"publish","type":"product","link":"https:\/\/acervodigital.grupoiza.com.br\/?product=acorde-agora","title":{"rendered":"Acorde Agora"},"content":{"rendered":"<p>Arquivo em formato PDF para download<\/p>\n","protected":false},"excerpt":{"rendered":"<p>O sono \u00e9 um evento frequentemente recorrente, caracterizado por consci\u00eancia reduzida ou ausente.<\/p>\n<p>Um estado de atividade sensorial relativamente reduzida, acredita-se que o sono seja t\u00e3o importante quanto estar acordado.<\/p>\n<p>\u00c9 o acontecimento em que o corpo e a mente se restabelecem de todo o estresse que tiveram ao longo do dia.<\/p>\n<p>Obtenha todas as informa\u00e7\u00f5es que voc\u00ea precisa aqui.<\/p>\n","protected":false},"featured_media":685,"template":"","meta":[],"product_cat":[50],"product_tag":[],"_links":{"self":[{"href":"https:\/\/acervodigital.grupoiza.com.br\/index.php?rest_route=\/wp\/v2\/product\/684"}],"collection":[{"href":"https:\/\/acervodigital.grupoiza.com.br\/index.php?rest_route=\/wp\/v2\/product"}],"about":[{"href":"https:\/\/acervodigital.grupoiza.com.br\/index.php?rest_route=\/wp\/v2\/types\/product"}],"version-history":[{"count":1,"href":"https:\/\/acervodigital.grupoiza.com.br\/index.php?rest_route=\/wp\/v2\/product\/684\/revisions"}],"predecessor-version":[{"id":687,"href":"https:\/\/acervodigital.grupoiza.com.br\/index.php?rest_route=\/wp\/v2\/product\/684\/revisions\/687"}],"wp:featuredmedia":[{"embeddable":true,"href":"https:\/\/acervodigital.grupoiza.com.br\/index.php?rest_route=\/wp\/v2\/media\/685"}],"wp:attachment":[{"href":"https:\/\/acervodigital.grupoiza.com.br\/index.php?rest_route=%2Fwp%2Fv2%2Fmedia&parent=684"}],"wp:term":[{"taxonomy":"product_cat","embeddable":true,"href":"https:\/\/acervodigital.grupoiza.com.br\/index.php?rest_route=%2Fwp%2Fv2%2Fproduct_cat&post=684"},{"taxonomy":"product_tag","embeddable":true,"href":"https:\/\/acervodigital.grupoiza.com.br\/index.php?rest_route=%2Fwp%2Fv2%2Fproduct_tag&post=684"}],"curies":[{"name":"wp","href":"https:\/\/api.w.org\/{rel}","templated":true}]}}