{"id":688,"date":"2024-07-01T12:43:49","date_gmt":"2024-07-01T15:43:49","guid":{"rendered":"https:\/\/acervodigital.grupoiza.com.br\/?post_type=product&#038;p=688"},"modified":"2024-07-01T13:17:56","modified_gmt":"2024-07-01T16:17:56","slug":"treinamento-simplificado-para-caes","status":"publish","type":"product","link":"https:\/\/acervodigital.grupoiza.com.br\/?product=treinamento-simplificado-para-caes","title":{"rendered":"Treinamento Simplificado Para C\u00e3es"},"content":{"rendered":"<p>Arquivo em formato PDF para download<\/p>\n","protected":false},"excerpt":{"rendered":"<p>Sempre se disse que os c\u00e3es s\u00e3o os melhores amigos de um homem. Eles s\u00e3o simplesmente ador\u00e1veis e t\u00eam a capacidade de anim\u00e1-lo em qualquer ocasi\u00e3o. Se voc\u00ea j\u00e1 ouviu falar da hist\u00f3ria de Hachiko, tamb\u00e9m saber\u00e1 que os c\u00e3es s\u00e3o criaturas extremamente leais.<\/p>\n<p>Com tais caracter\u00edsticas, n\u00e3o \u00e9 de admirar que muitas pessoas tenham come\u00e7ado a manter os c\u00e3es como animais de estima\u00e7\u00e3o. No entanto, quando voc\u00ea est\u00e1 mantendo um animal de estima\u00e7\u00e3o, h\u00e1 mais do que simplesmente aliment\u00e1-lo e brincar com ele.<\/p>\n","protected":false},"featured_media":689,"template":"","meta":[],"product_cat":[50],"product_tag":[],"_links":{"self":[{"href":"https:\/\/acervodigital.grupoiza.com.br\/index.php?rest_route=\/wp\/v2\/product\/688"}],"collection":[{"href":"https:\/\/acervodigital.grupoiza.com.br\/index.php?rest_route=\/wp\/v2\/product"}],"about":[{"href":"https:\/\/acervodigital.grupoiza.com.br\/index.php?rest_route=\/wp\/v2\/types\/product"}],"version-history":[{"count":1,"href":"https:\/\/acervodigital.grupoiza.com.br\/index.php?rest_route=\/wp\/v2\/product\/688\/revisions"}],"predecessor-version":[{"id":691,"href":"https:\/\/acervodigital.grupoiza.com.br\/index.php?rest_route=\/wp\/v2\/product\/688\/revisions\/691"}],"wp:featuredmedia":[{"embeddable":true,"href":"https:\/\/acervodigital.grupoiza.com.br\/index.php?rest_route=\/wp\/v2\/media\/689"}],"wp:attachment":[{"href":"https:\/\/acervodigital.grupoiza.com.br\/index.php?rest_route=%2Fwp%2Fv2%2Fmedia&parent=688"}],"wp:term":[{"taxonomy":"product_cat","embeddable":true,"href":"https:\/\/acervodigital.grupoiza.com.br\/index.php?rest_route=%2Fwp%2Fv2%2Fproduct_cat&post=688"},{"taxonomy":"product_tag","embeddable":true,"href":"https:\/\/acervodigital.grupoiza.com.br\/index.php?rest_route=%2Fwp%2Fv2%2Fproduct_tag&post=688"}],"curies":[{"name":"wp","href":"https:\/\/api.w.org\/{rel}","templated":true}]}}