{"id":700,"date":"2024-07-01T13:08:42","date_gmt":"2024-07-01T16:08:42","guid":{"rendered":"https:\/\/acervodigital.grupoiza.com.br\/?post_type=product&#038;p=700"},"modified":"2024-07-01T13:17:56","modified_gmt":"2024-07-01T16:17:56","slug":"alimentacao-baseada-em-plantas","status":"publish","type":"product","link":"https:\/\/acervodigital.grupoiza.com.br\/?product=alimentacao-baseada-em-plantas","title":{"rendered":"Alimenta\u00e7\u00e3o Baseada em Plantas"},"content":{"rendered":"<p>Arquivo em formato PDF para download<\/p>\n","protected":false},"excerpt":{"rendered":"<p>\u00c0 medida que nossa sociedade evolui, enfrentamos constantemente a necessidade de mudar nossos comportamentos e h\u00e1bitos para aumentar nossa sa\u00fade e qualidade de vida. Agora estamos enfrentando mudan\u00e7as clim\u00e1ticas, inseguran\u00e7a alimentar e mais de 40% da nossa popula\u00e7\u00e3o est\u00e1 sofrendo de doen\u00e7as cr\u00f4nicas.<\/p>\n<p>Uma das id\u00e9ias recentes apresentadas para melhorar nosso mundo e sa\u00fade \u00e9 a nutri\u00e7\u00e3o baseada em plantas.<\/p>\n","protected":false},"featured_media":701,"template":"","meta":[],"product_cat":[50],"product_tag":[],"_links":{"self":[{"href":"https:\/\/acervodigital.grupoiza.com.br\/index.php?rest_route=\/wp\/v2\/product\/700"}],"collection":[{"href":"https:\/\/acervodigital.grupoiza.com.br\/index.php?rest_route=\/wp\/v2\/product"}],"about":[{"href":"https:\/\/acervodigital.grupoiza.com.br\/index.php?rest_route=\/wp\/v2\/types\/product"}],"version-history":[{"count":1,"href":"https:\/\/acervodigital.grupoiza.com.br\/index.php?rest_route=\/wp\/v2\/product\/700\/revisions"}],"predecessor-version":[{"id":703,"href":"https:\/\/acervodigital.grupoiza.com.br\/index.php?rest_route=\/wp\/v2\/product\/700\/revisions\/703"}],"wp:featuredmedia":[{"embeddable":true,"href":"https:\/\/acervodigital.grupoiza.com.br\/index.php?rest_route=\/wp\/v2\/media\/701"}],"wp:attachment":[{"href":"https:\/\/acervodigital.grupoiza.com.br\/index.php?rest_route=%2Fwp%2Fv2%2Fmedia&parent=700"}],"wp:term":[{"taxonomy":"product_cat","embeddable":true,"href":"https:\/\/acervodigital.grupoiza.com.br\/index.php?rest_route=%2Fwp%2Fv2%2Fproduct_cat&post=700"},{"taxonomy":"product_tag","embeddable":true,"href":"https:\/\/acervodigital.grupoiza.com.br\/index.php?rest_route=%2Fwp%2Fv2%2Fproduct_tag&post=700"}],"curies":[{"name":"wp","href":"https:\/\/api.w.org\/{rel}","templated":true}]}}