{"id":704,"date":"2024-07-01T13:10:41","date_gmt":"2024-07-01T16:10:41","guid":{"rendered":"https:\/\/acervodigital.grupoiza.com.br\/?post_type=product&#038;p=704"},"modified":"2024-07-01T13:17:56","modified_gmt":"2024-07-01T16:17:56","slug":"segredos-da-dieta-cetogenica","status":"publish","type":"product","link":"https:\/\/acervodigital.grupoiza.com.br\/?product=segredos-da-dieta-cetogenica","title":{"rendered":"Segredos da Dieta Cetog\u00eanica"},"content":{"rendered":"<p>Arquivo em formato PDF para download<\/p>\n","protected":false},"excerpt":{"rendered":"<p>Apesar de a dieta cetog\u00eanica existir h\u00e1 quase um s\u00e9culo, ela est\u00e1 rapidamente ganhando popularidade hoje. H\u00e1 uma raz\u00e3o pela qual o ceto \u00e9 t\u00e3o altamente considerado. N\u00e3o \u00e9 uma dieta de moda passageira.<\/p>\n<p>Ela realmente funciona, e tem enormes benef\u00edcios para a sa\u00fade, al\u00e9m de perda de peso.Quando na dieta Ceto, voc\u00ea est\u00e1 alimentando o seu corpo exatamente o que ele precisa, \u00e9 eliminar as toxinas que retard\u00e1-o.<\/p>\n","protected":false},"featured_media":705,"template":"","meta":[],"product_cat":[50],"product_tag":[],"_links":{"self":[{"href":"https:\/\/acervodigital.grupoiza.com.br\/index.php?rest_route=\/wp\/v2\/product\/704"}],"collection":[{"href":"https:\/\/acervodigital.grupoiza.com.br\/index.php?rest_route=\/wp\/v2\/product"}],"about":[{"href":"https:\/\/acervodigital.grupoiza.com.br\/index.php?rest_route=\/wp\/v2\/types\/product"}],"version-history":[{"count":2,"href":"https:\/\/acervodigital.grupoiza.com.br\/index.php?rest_route=\/wp\/v2\/product\/704\/revisions"}],"predecessor-version":[{"id":708,"href":"https:\/\/acervodigital.grupoiza.com.br\/index.php?rest_route=\/wp\/v2\/product\/704\/revisions\/708"}],"wp:featuredmedia":[{"embeddable":true,"href":"https:\/\/acervodigital.grupoiza.com.br\/index.php?rest_route=\/wp\/v2\/media\/705"}],"wp:attachment":[{"href":"https:\/\/acervodigital.grupoiza.com.br\/index.php?rest_route=%2Fwp%2Fv2%2Fmedia&parent=704"}],"wp:term":[{"taxonomy":"product_cat","embeddable":true,"href":"https:\/\/acervodigital.grupoiza.com.br\/index.php?rest_route=%2Fwp%2Fv2%2Fproduct_cat&post=704"},{"taxonomy":"product_tag","embeddable":true,"href":"https:\/\/acervodigital.grupoiza.com.br\/index.php?rest_route=%2Fwp%2Fv2%2Fproduct_tag&post=704"}],"curies":[{"name":"wp","href":"https:\/\/api.w.org\/{rel}","templated":true}]}}