{"id":713,"date":"2024-07-01T13:16:42","date_gmt":"2024-07-01T16:16:42","guid":{"rendered":"https:\/\/acervodigital.grupoiza.com.br\/?post_type=product&#038;p=713"},"modified":"2024-07-01T13:17:56","modified_gmt":"2024-07-01T16:17:56","slug":"sopa-para-emagrecer","status":"publish","type":"product","link":"https:\/\/acervodigital.grupoiza.com.br\/?product=sopa-para-emagrecer","title":{"rendered":"Sopa para Emagrecer"},"content":{"rendered":"<p>Arquivo em formato PDF para download<\/p>\n","protected":false},"excerpt":{"rendered":"<p>Ingerir l\u00edquidos, principalmente \u00e1gua, \u00e9 fundamental para a sa\u00fade e para o sucesso de qualquer dieta.<\/p>\n<p>Mas, se o objetivo \u00e9 perder peso, al\u00e9m da \u00e1gua, tamb\u00e9m \u00e9 importante investir em trocas espertas na alimenta\u00e7\u00e3o, como a substitui\u00e7\u00e3o de um prato de arroz e feij\u00e3o por uma sopa super nutritiva e light.<\/p>\n<p>Por isso, a dieta da sopa \u00e9 uma op\u00e7\u00e3o para quem quer emagrecer r\u00e1pido.<\/p>\n","protected":false},"featured_media":714,"template":"","meta":[],"product_cat":[50],"product_tag":[],"_links":{"self":[{"href":"https:\/\/acervodigital.grupoiza.com.br\/index.php?rest_route=\/wp\/v2\/product\/713"}],"collection":[{"href":"https:\/\/acervodigital.grupoiza.com.br\/index.php?rest_route=\/wp\/v2\/product"}],"about":[{"href":"https:\/\/acervodigital.grupoiza.com.br\/index.php?rest_route=\/wp\/v2\/types\/product"}],"version-history":[{"count":1,"href":"https:\/\/acervodigital.grupoiza.com.br\/index.php?rest_route=\/wp\/v2\/product\/713\/revisions"}],"predecessor-version":[{"id":716,"href":"https:\/\/acervodigital.grupoiza.com.br\/index.php?rest_route=\/wp\/v2\/product\/713\/revisions\/716"}],"wp:featuredmedia":[{"embeddable":true,"href":"https:\/\/acervodigital.grupoiza.com.br\/index.php?rest_route=\/wp\/v2\/media\/714"}],"wp:attachment":[{"href":"https:\/\/acervodigital.grupoiza.com.br\/index.php?rest_route=%2Fwp%2Fv2%2Fmedia&parent=713"}],"wp:term":[{"taxonomy":"product_cat","embeddable":true,"href":"https:\/\/acervodigital.grupoiza.com.br\/index.php?rest_route=%2Fwp%2Fv2%2Fproduct_cat&post=713"},{"taxonomy":"product_tag","embeddable":true,"href":"https:\/\/acervodigital.grupoiza.com.br\/index.php?rest_route=%2Fwp%2Fv2%2Fproduct_tag&post=713"}],"curies":[{"name":"wp","href":"https:\/\/api.w.org\/{rel}","templated":true}]}}