{"id":717,"date":"2024-07-01T13:20:02","date_gmt":"2024-07-01T16:20:02","guid":{"rendered":"https:\/\/acervodigital.grupoiza.com.br\/?post_type=product&#038;p=717"},"modified":"2024-07-01T13:20:02","modified_gmt":"2024-07-01T16:20:02","slug":"dicas-de-remedios-naturais-para-acne","status":"publish","type":"product","link":"https:\/\/acervodigital.grupoiza.com.br\/?product=dicas-de-remedios-naturais-para-acne","title":{"rendered":"Dicas de Rem\u00e9dios Naturais Para Acne"},"content":{"rendered":"<p>Arquivo em formato PDF para download<\/p>\n","protected":false},"excerpt":{"rendered":"<p>A acne \u00e9 uma doen\u00e7a de pele que envolve as gl\u00e2ndulas seb\u00e1ceas encontradas na base dos fol\u00edculos capilares. Essas gl\u00e2ndulas ganham vida durante a puberdade devido a horm\u00f4nios masculinos e femininos produzidos na \u00e9poca. Devido a esses horm\u00f4nios, esse \u00e9 o momento em que a acne geralmente ocorre. A acne ocorre quando as gl\u00e2ndulas seb\u00e1ceas na base dos fol\u00edculos capilares ficam bloqueadas e o \u00f3leo se acumula sob a pele.<\/p>\n<p>A acne n\u00e3o \u00e9 medicamente perigosa, mas pode ser frustrante e embara\u00e7osa, especialmente para os adolescentes. Estima-se que quase \u00be da popula\u00e7\u00e3o entre 11 e 30 anos sofra de acne. Quando a acne surge, geralmente ocorre no rosto, mas geralmente pode ser encontrada nas costas, peito, ombros e pesco\u00e7o.<\/p>\n","protected":false},"featured_media":718,"template":"","meta":[],"product_cat":[50],"product_tag":[],"_links":{"self":[{"href":"https:\/\/acervodigital.grupoiza.com.br\/index.php?rest_route=\/wp\/v2\/product\/717"}],"collection":[{"href":"https:\/\/acervodigital.grupoiza.com.br\/index.php?rest_route=\/wp\/v2\/product"}],"about":[{"href":"https:\/\/acervodigital.grupoiza.com.br\/index.php?rest_route=\/wp\/v2\/types\/product"}],"version-history":[{"count":1,"href":"https:\/\/acervodigital.grupoiza.com.br\/index.php?rest_route=\/wp\/v2\/product\/717\/revisions"}],"predecessor-version":[{"id":720,"href":"https:\/\/acervodigital.grupoiza.com.br\/index.php?rest_route=\/wp\/v2\/product\/717\/revisions\/720"}],"wp:featuredmedia":[{"embeddable":true,"href":"https:\/\/acervodigital.grupoiza.com.br\/index.php?rest_route=\/wp\/v2\/media\/718"}],"wp:attachment":[{"href":"https:\/\/acervodigital.grupoiza.com.br\/index.php?rest_route=%2Fwp%2Fv2%2Fmedia&parent=717"}],"wp:term":[{"taxonomy":"product_cat","embeddable":true,"href":"https:\/\/acervodigital.grupoiza.com.br\/index.php?rest_route=%2Fwp%2Fv2%2Fproduct_cat&post=717"},{"taxonomy":"product_tag","embeddable":true,"href":"https:\/\/acervodigital.grupoiza.com.br\/index.php?rest_route=%2Fwp%2Fv2%2Fproduct_tag&post=717"}],"curies":[{"name":"wp","href":"https:\/\/api.w.org\/{rel}","templated":true}]}}