{"id":721,"date":"2024-07-01T13:22:11","date_gmt":"2024-07-01T16:22:11","guid":{"rendered":"https:\/\/acervodigital.grupoiza.com.br\/?post_type=product&#038;p=721"},"modified":"2024-07-01T13:22:11","modified_gmt":"2024-07-01T16:22:11","slug":"derrotando-o-divorcio","status":"publish","type":"product","link":"https:\/\/acervodigital.grupoiza.com.br\/?product=derrotando-o-divorcio","title":{"rendered":"Derrotando o Div\u00f3rcio"},"content":{"rendered":"<p>Arquivo em formato PDF para download<\/p>\n","protected":false},"excerpt":{"rendered":"<p>Foi teorizado numerosas vezes que homens e mulheres s\u00e3o seres diametralmente opostos. A teoria segue mostrando que existem coisas completamente diferentes que dirigem esses dois g\u00eaneros, e h\u00e1 coisas diferentes que eles est\u00e3o buscando. Essa \u00e9 a raz\u00e3o pela qual homens e mulheres procedem e se comportam de maneiras drasticamente diferentes.<\/p>\n<p>Agora, enquanto a verdade \u00e9 que a pr\u00f3pria natureza nos ordenou que sejamos diferentes, o que significa que nossos comportamentos s\u00e3o caracter\u00edsticos do g\u00eanero ao qual pertencemos, tamb\u00e9m \u00e9 um fato s\u00f3rdido que isso pode criar muitos problemas.<\/p>\n","protected":false},"featured_media":722,"template":"","meta":[],"product_cat":[50],"product_tag":[],"_links":{"self":[{"href":"https:\/\/acervodigital.grupoiza.com.br\/index.php?rest_route=\/wp\/v2\/product\/721"}],"collection":[{"href":"https:\/\/acervodigital.grupoiza.com.br\/index.php?rest_route=\/wp\/v2\/product"}],"about":[{"href":"https:\/\/acervodigital.grupoiza.com.br\/index.php?rest_route=\/wp\/v2\/types\/product"}],"version-history":[{"count":1,"href":"https:\/\/acervodigital.grupoiza.com.br\/index.php?rest_route=\/wp\/v2\/product\/721\/revisions"}],"predecessor-version":[{"id":724,"href":"https:\/\/acervodigital.grupoiza.com.br\/index.php?rest_route=\/wp\/v2\/product\/721\/revisions\/724"}],"wp:featuredmedia":[{"embeddable":true,"href":"https:\/\/acervodigital.grupoiza.com.br\/index.php?rest_route=\/wp\/v2\/media\/722"}],"wp:attachment":[{"href":"https:\/\/acervodigital.grupoiza.com.br\/index.php?rest_route=%2Fwp%2Fv2%2Fmedia&parent=721"}],"wp:term":[{"taxonomy":"product_cat","embeddable":true,"href":"https:\/\/acervodigital.grupoiza.com.br\/index.php?rest_route=%2Fwp%2Fv2%2Fproduct_cat&post=721"},{"taxonomy":"product_tag","embeddable":true,"href":"https:\/\/acervodigital.grupoiza.com.br\/index.php?rest_route=%2Fwp%2Fv2%2Fproduct_tag&post=721"}],"curies":[{"name":"wp","href":"https:\/\/api.w.org\/{rel}","templated":true}]}}