{"id":725,"date":"2024-07-01T13:26:38","date_gmt":"2024-07-01T16:26:38","guid":{"rendered":"https:\/\/acervodigital.grupoiza.com.br\/?post_type=product&#038;p=725"},"modified":"2024-07-01T13:26:38","modified_gmt":"2024-07-01T16:26:38","slug":"adeus-depressao","status":"publish","type":"product","link":"https:\/\/acervodigital.grupoiza.com.br\/?product=adeus-depressao","title":{"rendered":"Adeus Depress\u00e3o"},"content":{"rendered":"<p>Arquivo em formato PDF para download<\/p>\n","protected":false},"excerpt":{"rendered":"<p>Este e-book traz para voc\u00ea, no primeiro cap\u00edtulo, o conceito do que \u00e9 a depress\u00e3o e como ela pode acontecer, qual o cen\u00e1rio e condi\u00e7\u00f5es envolvidas ou os fatores que podem favorecer o seu surgimento (e n\u00e3o s\u00e3o poucos).<\/p>\n<p>Dando continuidade, tamb\u00e9m aborda os n\u00edveis de intensidade e os seus principais sintomas, que podem surgir e se desenvolver em quem est\u00e1 depressivo. Geralmente os sintomas s\u00e3o variados, mas cada quadro depressivo geralmente tem cinco sintomas que mais podem se destacar.<\/p>\n","protected":false},"featured_media":726,"template":"","meta":[],"product_cat":[50],"product_tag":[],"_links":{"self":[{"href":"https:\/\/acervodigital.grupoiza.com.br\/index.php?rest_route=\/wp\/v2\/product\/725"}],"collection":[{"href":"https:\/\/acervodigital.grupoiza.com.br\/index.php?rest_route=\/wp\/v2\/product"}],"about":[{"href":"https:\/\/acervodigital.grupoiza.com.br\/index.php?rest_route=\/wp\/v2\/types\/product"}],"version-history":[{"count":1,"href":"https:\/\/acervodigital.grupoiza.com.br\/index.php?rest_route=\/wp\/v2\/product\/725\/revisions"}],"predecessor-version":[{"id":728,"href":"https:\/\/acervodigital.grupoiza.com.br\/index.php?rest_route=\/wp\/v2\/product\/725\/revisions\/728"}],"wp:featuredmedia":[{"embeddable":true,"href":"https:\/\/acervodigital.grupoiza.com.br\/index.php?rest_route=\/wp\/v2\/media\/726"}],"wp:attachment":[{"href":"https:\/\/acervodigital.grupoiza.com.br\/index.php?rest_route=%2Fwp%2Fv2%2Fmedia&parent=725"}],"wp:term":[{"taxonomy":"product_cat","embeddable":true,"href":"https:\/\/acervodigital.grupoiza.com.br\/index.php?rest_route=%2Fwp%2Fv2%2Fproduct_cat&post=725"},{"taxonomy":"product_tag","embeddable":true,"href":"https:\/\/acervodigital.grupoiza.com.br\/index.php?rest_route=%2Fwp%2Fv2%2Fproduct_tag&post=725"}],"curies":[{"name":"wp","href":"https:\/\/api.w.org\/{rel}","templated":true}]}}