{"id":729,"date":"2024-07-01T13:29:32","date_gmt":"2024-07-01T16:29:32","guid":{"rendered":"https:\/\/acervodigital.grupoiza.com.br\/?post_type=product&#038;p=729"},"modified":"2024-07-01T13:29:51","modified_gmt":"2024-07-01T16:29:51","slug":"ingles-para-criancas","status":"publish","type":"product","link":"https:\/\/acervodigital.grupoiza.com.br\/?product=ingles-para-criancas","title":{"rendered":"Ingl\u00eas para crian\u00e7as"},"content":{"rendered":"<p>Arquivo em formato PDF para download<\/p>\n","protected":false},"excerpt":{"rendered":"<p>Atualmente, em um universo cada vez mais globalizado e especialmente conectado, o Ingl\u00eas se tornou uma das essenciais ferramentas para a comunica\u00e7\u00e3o em todos os tipos de atividades.<\/p>\n<p>Aprender uma segunda l\u00edngua durante a primeira inf\u00e2ncia n\u00e3o s\u00f3 d\u00e1 a oportunidade de a crian\u00e7a come\u00e7ar a aprender e ir se familiarizando com a nova l\u00edngua, mas tamb\u00e9m gera benef\u00edcios que ir\u00e3o impactar de uma forma muito positiva em seu futuro.<\/p>\n<p>Estudos mostram que quanto mais cedo a crian\u00e7a aprender outra l\u00edngua, melhor o c\u00e9rebro ir\u00e1 se desenvolver e absorver com mais facilidade o novo conte\u00fado.<\/p>\n","protected":false},"featured_media":730,"template":"","meta":[],"product_cat":[50],"product_tag":[],"_links":{"self":[{"href":"https:\/\/acervodigital.grupoiza.com.br\/index.php?rest_route=\/wp\/v2\/product\/729"}],"collection":[{"href":"https:\/\/acervodigital.grupoiza.com.br\/index.php?rest_route=\/wp\/v2\/product"}],"about":[{"href":"https:\/\/acervodigital.grupoiza.com.br\/index.php?rest_route=\/wp\/v2\/types\/product"}],"version-history":[{"count":1,"href":"https:\/\/acervodigital.grupoiza.com.br\/index.php?rest_route=\/wp\/v2\/product\/729\/revisions"}],"predecessor-version":[{"id":732,"href":"https:\/\/acervodigital.grupoiza.com.br\/index.php?rest_route=\/wp\/v2\/product\/729\/revisions\/732"}],"wp:featuredmedia":[{"embeddable":true,"href":"https:\/\/acervodigital.grupoiza.com.br\/index.php?rest_route=\/wp\/v2\/media\/730"}],"wp:attachment":[{"href":"https:\/\/acervodigital.grupoiza.com.br\/index.php?rest_route=%2Fwp%2Fv2%2Fmedia&parent=729"}],"wp:term":[{"taxonomy":"product_cat","embeddable":true,"href":"https:\/\/acervodigital.grupoiza.com.br\/index.php?rest_route=%2Fwp%2Fv2%2Fproduct_cat&post=729"},{"taxonomy":"product_tag","embeddable":true,"href":"https:\/\/acervodigital.grupoiza.com.br\/index.php?rest_route=%2Fwp%2Fv2%2Fproduct_tag&post=729"}],"curies":[{"name":"wp","href":"https:\/\/api.w.org\/{rel}","templated":true}]}}