{"id":733,"date":"2024-07-01T13:33:52","date_gmt":"2024-07-01T16:33:52","guid":{"rendered":"https:\/\/acervodigital.grupoiza.com.br\/?post_type=product&#038;p=733"},"modified":"2024-07-01T13:33:52","modified_gmt":"2024-07-01T16:33:52","slug":"nutricao-essencial","status":"publish","type":"product","link":"https:\/\/acervodigital.grupoiza.com.br\/?product=nutricao-essencial","title":{"rendered":"Nutri\u00e7\u00e3o Essencial"},"content":{"rendered":"<p>Arquivo em formato PDF para download<\/p>\n","protected":false},"excerpt":{"rendered":"<p>Quando suas libras se acumulam e suas cal\u00e7as ficam muito apertadas, \u00e9 hora de voc\u00ea assistir o que come.<\/p>\n<p>Ao visualizar os alimentos corretamente, voc\u00ea ser\u00e1 capaz de manter sua boa forma e sa\u00fade.<\/p>\n<p>Portanto, voc\u00ea precisa conhecer as informa\u00e7\u00f5es nutricionais de cada item que compra no supermercado. Tenha em mente que conhecimento \u00e9 poder.<\/p>\n","protected":false},"featured_media":734,"template":"","meta":[],"product_cat":[50],"product_tag":[],"_links":{"self":[{"href":"https:\/\/acervodigital.grupoiza.com.br\/index.php?rest_route=\/wp\/v2\/product\/733"}],"collection":[{"href":"https:\/\/acervodigital.grupoiza.com.br\/index.php?rest_route=\/wp\/v2\/product"}],"about":[{"href":"https:\/\/acervodigital.grupoiza.com.br\/index.php?rest_route=\/wp\/v2\/types\/product"}],"version-history":[{"count":1,"href":"https:\/\/acervodigital.grupoiza.com.br\/index.php?rest_route=\/wp\/v2\/product\/733\/revisions"}],"predecessor-version":[{"id":736,"href":"https:\/\/acervodigital.grupoiza.com.br\/index.php?rest_route=\/wp\/v2\/product\/733\/revisions\/736"}],"wp:featuredmedia":[{"embeddable":true,"href":"https:\/\/acervodigital.grupoiza.com.br\/index.php?rest_route=\/wp\/v2\/media\/734"}],"wp:attachment":[{"href":"https:\/\/acervodigital.grupoiza.com.br\/index.php?rest_route=%2Fwp%2Fv2%2Fmedia&parent=733"}],"wp:term":[{"taxonomy":"product_cat","embeddable":true,"href":"https:\/\/acervodigital.grupoiza.com.br\/index.php?rest_route=%2Fwp%2Fv2%2Fproduct_cat&post=733"},{"taxonomy":"product_tag","embeddable":true,"href":"https:\/\/acervodigital.grupoiza.com.br\/index.php?rest_route=%2Fwp%2Fv2%2Fproduct_tag&post=733"}],"curies":[{"name":"wp","href":"https:\/\/api.w.org\/{rel}","templated":true}]}}