{"id":737,"date":"2024-07-01T13:37:21","date_gmt":"2024-07-01T16:37:21","guid":{"rendered":"https:\/\/acervodigital.grupoiza.com.br\/?post_type=product&#038;p=737"},"modified":"2024-07-01T13:37:21","modified_gmt":"2024-07-01T16:37:21","slug":"os-principais-erros-de-viagem-a-serem-evitados","status":"publish","type":"product","link":"https:\/\/acervodigital.grupoiza.com.br\/?product=os-principais-erros-de-viagem-a-serem-evitados","title":{"rendered":"Os Principais Erros de Viagem a Serem Evitados"},"content":{"rendered":"<p>Arquivo em formato PDF para download<\/p>\n","protected":false},"excerpt":{"rendered":"<p>Voc\u00ea quer planejar uma viagem, mas n\u00e3o sabe ao certo como come\u00e7ar? Est\u00e1 com medo de cometer erros que podem lhe custar caro?<\/p>\n<p>Planejar uma viagem certamente pode ser uma tarefa assustadora para viajantes inexperientes, mas isso n\u00e3o precisa ser algo t\u00e3o dif\u00edcil.<\/p>\n<p>Este relat\u00f3rio especial destaca os principais erros cometidos por viajantes novatos, para que voc\u00ea saiba evit\u00e1-los.<\/p>\n<p>Al\u00e9m disso, ensinaremos algumas dicas \u00fateis e alguns &#8220;truques&#8221; de viagem que ajudar\u00e3o voc\u00ea a economizar tempo e dinheiro e a desfrutar de uma viagem incr\u00edvel sem ter que se preocupar com certos inconvenientes.<\/p>\n<p>Planejar viagens deve ser algo divertido e empolgante! Voc\u00ea est\u00e1 pronto para come\u00e7ar? Ent\u00e3o vamos l\u00e1!<\/p>\n","protected":false},"featured_media":738,"template":"","meta":[],"product_cat":[50],"product_tag":[],"_links":{"self":[{"href":"https:\/\/acervodigital.grupoiza.com.br\/index.php?rest_route=\/wp\/v2\/product\/737"}],"collection":[{"href":"https:\/\/acervodigital.grupoiza.com.br\/index.php?rest_route=\/wp\/v2\/product"}],"about":[{"href":"https:\/\/acervodigital.grupoiza.com.br\/index.php?rest_route=\/wp\/v2\/types\/product"}],"version-history":[{"count":1,"href":"https:\/\/acervodigital.grupoiza.com.br\/index.php?rest_route=\/wp\/v2\/product\/737\/revisions"}],"predecessor-version":[{"id":740,"href":"https:\/\/acervodigital.grupoiza.com.br\/index.php?rest_route=\/wp\/v2\/product\/737\/revisions\/740"}],"wp:featuredmedia":[{"embeddable":true,"href":"https:\/\/acervodigital.grupoiza.com.br\/index.php?rest_route=\/wp\/v2\/media\/738"}],"wp:attachment":[{"href":"https:\/\/acervodigital.grupoiza.com.br\/index.php?rest_route=%2Fwp%2Fv2%2Fmedia&parent=737"}],"wp:term":[{"taxonomy":"product_cat","embeddable":true,"href":"https:\/\/acervodigital.grupoiza.com.br\/index.php?rest_route=%2Fwp%2Fv2%2Fproduct_cat&post=737"},{"taxonomy":"product_tag","embeddable":true,"href":"https:\/\/acervodigital.grupoiza.com.br\/index.php?rest_route=%2Fwp%2Fv2%2Fproduct_tag&post=737"}],"curies":[{"name":"wp","href":"https:\/\/api.w.org\/{rel}","templated":true}]}}