{"id":745,"date":"2024-07-01T13:44:27","date_gmt":"2024-07-01T16:44:27","guid":{"rendered":"https:\/\/acervodigital.grupoiza.com.br\/?post_type=product&#038;p=745"},"modified":"2024-07-01T13:44:27","modified_gmt":"2024-07-01T16:44:27","slug":"planejamento-basico-para-ter-um-bebe","status":"publish","type":"product","link":"https:\/\/acervodigital.grupoiza.com.br\/?product=planejamento-basico-para-ter-um-bebe","title":{"rendered":"Planejamento B\u00e1sico Para Ter um Beb\u00ea"},"content":{"rendered":"<p>Arquivo em formato PDF para download<\/p>\n","protected":false},"excerpt":{"rendered":"<p>O planejamento de um beb\u00ea n\u00e3o deve ser tomado de \u00e2nimo leve, pois geralmente envolve muitos problemas detalhados que devem ser resolvidos e compreendidos completamente.<\/p>\n<p>Isso \u00e9 muito importante para entender, pois, juntamente com o novo beb\u00ea, haver\u00e1 muitos ajustes inflex\u00edveis, que precisam ser feitos, o que certamente aumentar\u00e1 a press\u00e3o para os problemas existentes no relacionamento.<\/p>\n<p>Se ambas as partes n\u00e3o estiverem prontas para essas mudan\u00e7as inevit\u00e1veis, o relacionamento poder\u00e1 desmoronar sob a intensa press\u00e3o de tudo. Obtenha todas as informa\u00e7\u00f5es que voc\u00ea precisa aqui.<\/p>\n","protected":false},"featured_media":746,"template":"","meta":[],"product_cat":[50],"product_tag":[],"_links":{"self":[{"href":"https:\/\/acervodigital.grupoiza.com.br\/index.php?rest_route=\/wp\/v2\/product\/745"}],"collection":[{"href":"https:\/\/acervodigital.grupoiza.com.br\/index.php?rest_route=\/wp\/v2\/product"}],"about":[{"href":"https:\/\/acervodigital.grupoiza.com.br\/index.php?rest_route=\/wp\/v2\/types\/product"}],"version-history":[{"count":1,"href":"https:\/\/acervodigital.grupoiza.com.br\/index.php?rest_route=\/wp\/v2\/product\/745\/revisions"}],"predecessor-version":[{"id":748,"href":"https:\/\/acervodigital.grupoiza.com.br\/index.php?rest_route=\/wp\/v2\/product\/745\/revisions\/748"}],"wp:featuredmedia":[{"embeddable":true,"href":"https:\/\/acervodigital.grupoiza.com.br\/index.php?rest_route=\/wp\/v2\/media\/746"}],"wp:attachment":[{"href":"https:\/\/acervodigital.grupoiza.com.br\/index.php?rest_route=%2Fwp%2Fv2%2Fmedia&parent=745"}],"wp:term":[{"taxonomy":"product_cat","embeddable":true,"href":"https:\/\/acervodigital.grupoiza.com.br\/index.php?rest_route=%2Fwp%2Fv2%2Fproduct_cat&post=745"},{"taxonomy":"product_tag","embeddable":true,"href":"https:\/\/acervodigital.grupoiza.com.br\/index.php?rest_route=%2Fwp%2Fv2%2Fproduct_tag&post=745"}],"curies":[{"name":"wp","href":"https:\/\/api.w.org\/{rel}","templated":true}]}}